{"id":130,"date":"2011-03-18T09:36:46","date_gmt":"2011-03-18T07:36:46","guid":{"rendered":"http:\/\/neviditelna.cz"},"modified":"2023-11-24T11:52:38","modified_gmt":"2023-11-24T10:52:38","slug":"tickets-and-payment-options","status":"publish","type":"page","link":"https:\/\/neviditelna.cz\/en\/tickets-and-payment-options","title":{"rendered":"Tickets and payment options"},"content":{"rendered":"<p style=\"text-align: center;\"><strong>Adult:<\/strong> 300 K\u010d<br \/>\n<strong>Student \/ senior:<\/strong> 250 K\u010d<br \/>\n<strong>Family (2 adults + 3 children): <\/strong>850 K\u010d<br \/>\n<strong>Group:<\/strong> 200 K\u010d\/person<br \/>\nChildren under 7 years of age free of charge.<\/p>\n<p style=\"text-align: center;\"><strong>Fee for tours in foreign languages: 50 K\u010d \/ person<\/strong><\/p>\n<p style=\"text-align: center;\">With <strong>presspass <\/strong>please consult Rita K\u00fc\u0171 via <a href=\"mailto:rita.kuu@neviditelna.cz\">e-mail<\/a> before arrival<\/p>\n<p style=\"text-align: center; font-size: 16px;\">&nbsp;<\/p>\n<p style=\"text-align: center;\"><strong>Language<\/strong> of the tours<strong> is Czech by default<\/strong>, if you wish to have a tour in another language, <strong>reservation is necessary via email: info@neviditelna.cz or phone +420 777 787 064<\/strong><\/p>\n<p style=\"text-align: center;\">Nowadays you can choose from the following languages: English, Russian and Spanish.<\/p>\n<p style=\"text-align: center;\"><strong><span style=\"color: #003300;\">PAYMENT METHODS<\/span><\/strong><\/p>\n<p style=\"text-align: center;\">We accept <strong>cash, credit cards (not AmEx) <\/strong>and certain <strong>vouchers from Sodexo, Edenred and&nbsp;Ch\u00e8que D\u00e9jeuner.<br \/>\n<\/strong>If you need an&nbsp;<strong>invoice<\/strong>, please contact us beforehand.<\/p>\n","protected":false},"excerpt":{"rendered":"<p>Adult: 300 K\u010d Student \/ senior: 250 K\u010d Family (2 adults + 3 children): 850 K\u010d Group: 200 K\u010d\/person Children under 7 years of age free of charge. Fee for tours in foreign languages: 50 K\u010d \/ person With presspass please consult Rita K\u00fc\u0171 via e-mail before arrival &nbsp; Language of the tours is Czech [&hellip;]<\/p>\n","protected":false},"author":2,"featured_media":0,"parent":0,"menu_order":0,"comment_status":"open","ping_status":"closed","template":"","meta":{"ngg_post_thumbnail":0,"footnotes":""},"class_list":["post-130","page","type-page","status-publish","hentry"],"_links":{"self":[{"href":"https:\/\/neviditelna.cz\/en\/wp-json\/wp\/v2\/pages\/130","targetHints":{"allow":["GET"]}}],"collection":[{"href":"https:\/\/neviditelna.cz\/en\/wp-json\/wp\/v2\/pages"}],"about":[{"href":"https:\/\/neviditelna.cz\/en\/wp-json\/wp\/v2\/types\/page"}],"author":[{"embeddable":true,"href":"https:\/\/neviditelna.cz\/en\/wp-json\/wp\/v2\/users\/2"}],"replies":[{"embeddable":true,"href":"https:\/\/neviditelna.cz\/en\/wp-json\/wp\/v2\/comments?post=130"}],"version-history":[{"count":7,"href":"https:\/\/neviditelna.cz\/en\/wp-json\/wp\/v2\/pages\/130\/revisions"}],"predecessor-version":[{"id":35034,"href":"https:\/\/neviditelna.cz\/en\/wp-json\/wp\/v2\/pages\/130\/revisions\/35034"}],"wp:attachment":[{"href":"https:\/\/neviditelna.cz\/en\/wp-json\/wp\/v2\/media?parent=130"}],"curies":[{"name":"wp","href":"https:\/\/api.w.org\/{rel}","templated":true}]}}